{"id":400,"date":"2012-08-27T08:53:56","date_gmt":"2012-08-27T08:53:56","guid":{"rendered":"http:\/\/hoyaer-eisenbahn.de\/?page_id=400"},"modified":"2015-09-17T10:18:19","modified_gmt":"2015-09-17T10:18:19","slug":"heiligenfelde","status":"publish","type":"page","link":"http:\/\/hoyaer-eisenbahn.de\/?page_id=400","title":{"rendered":"Heiligenfelde"},"content":{"rendered":"<p><strong>A<\/strong><strong>nschlussgleis Raiffeisen-Warengenossenschaft Heiligenfelde<br \/>\n<\/strong>Die direkt an der Strecke liegende Raiffeisen-Genossenschaft verf\u00fcgt noch heute \u00fcber ein Umfahrungs- und ein zus\u00e4tzliches Nebengleis. Im vorderen Bereich befindet sich eine Ladestra\u00dfe, das Nebengleis f\u00fchrt direkt zu den Lagergeb\u00e4uden der Genossenschaft.<br \/>\nHeute wird der Gleisanschluss nur noch selten genutzt. Hin und wieder wird loses D\u00fcngemittel in Sch\u00fcttgutwagen zugestellt.<\/p>\n<p><a href=\"http:\/\/hoyaer-eisenbahn.de\/wp-content\/uploads\/2012\/08\/tn_HSA050.jpg\" target=\"_blank\"><img loading=\"lazy\" decoding=\"async\" class=\"alignnone size-medium wp-image-929\" title=\"Heiligenfelde Raiffeisen 1\" alt=\"\" src=\"http:\/\/hoyaer-eisenbahn.de\/wp-content\/uploads\/2012\/08\/tn_HSA050-300x197.jpg\" width=\"300\" height=\"197\" srcset=\"http:\/\/hoyaer-eisenbahn.de\/wp-content\/uploads\/2012\/08\/tn_HSA050-300x197.jpg 300w, http:\/\/hoyaer-eisenbahn.de\/wp-content\/uploads\/2012\/08\/tn_HSA050.jpg 640w\" sizes=\"(max-width: 300px) 100vw, 300px\" \/><\/a>\u00a0 <a href=\"http:\/\/hoyaer-eisenbahn.de\/wp-content\/uploads\/2012\/08\/tn_DSC03117.jpg\" target=\"_blank\"><img loading=\"lazy\" decoding=\"async\" class=\"alignnone size-medium wp-image-930\" title=\"Heiligenfelde Raiffeisen 2\" alt=\"\" src=\"http:\/\/hoyaer-eisenbahn.de\/wp-content\/uploads\/2012\/08\/tn_DSC03117-300x200.jpg\" width=\"300\" height=\"200\" srcset=\"http:\/\/hoyaer-eisenbahn.de\/wp-content\/uploads\/2012\/08\/tn_DSC03117-300x200.jpg 300w, http:\/\/hoyaer-eisenbahn.de\/wp-content\/uploads\/2012\/08\/tn_DSC03117.jpg 640w\" sizes=\"(max-width: 300px) 100vw, 300px\" \/><\/a><\/p>\n<h5>1.)\u00a0 Das Anschlussgleis zur Raiffeisen-Genossenschaft &#8211; hier noch in Schmalspur. (Bild: Archiv VGH)<br \/>\n2.)\u00a0 Die V100 &#8222;DL3&#8220; der Verden-Walsroder Eisenbahn (VWE) passiert im Juni 2012 die Genossenschaft.<\/h5>\n<p><a href=\"http:\/\/hoyaer-eisenbahn.de\/wp-content\/uploads\/2012\/08\/tn_HSA029.jpg\" target=\"_blank\"><img loading=\"lazy\" decoding=\"async\" class=\"alignnone  wp-image-931\" title=\"Genossenschaft HSA\" alt=\"\" src=\"http:\/\/hoyaer-eisenbahn.de\/wp-content\/uploads\/2012\/08\/tn_HSA029-300x199.jpg\" width=\"180\" height=\"119\" srcset=\"http:\/\/hoyaer-eisenbahn.de\/wp-content\/uploads\/2012\/08\/tn_HSA029-300x199.jpg 300w, http:\/\/hoyaer-eisenbahn.de\/wp-content\/uploads\/2012\/08\/tn_HSA029.jpg 640w\" sizes=\"(max-width: 180px) 100vw, 180px\" \/><\/a> \u00a0<a href=\"http:\/\/hoyaer-eisenbahn.de\/wp-content\/uploads\/2012\/09\/Bruchhausen-1960-09-XX_1.jpg\" target=\"_blank\"><img loading=\"lazy\" decoding=\"async\" class=\"alignnone size-medium wp-image-2036\" alt=\"Bruchhausen 1960-09-XX_1\" src=\"http:\/\/hoyaer-eisenbahn.de\/wp-content\/uploads\/2012\/09\/Bruchhausen-1960-09-XX_1-300x183.jpg\" width=\"197\" height=\"120\" srcset=\"http:\/\/hoyaer-eisenbahn.de\/wp-content\/uploads\/2012\/09\/Bruchhausen-1960-09-XX_1-300x183.jpg 300w, http:\/\/hoyaer-eisenbahn.de\/wp-content\/uploads\/2012\/09\/Bruchhausen-1960-09-XX_1.jpg 800w\" sizes=\"(max-width: 197px) 100vw, 197px\" \/><\/a>\u00a0 <a href=\"http:\/\/hoyaer-eisenbahn.de\/wp-content\/uploads\/2012\/08\/tn_V21-2011-01-20_03.jpg\" target=\"_blank\"><img loading=\"lazy\" decoding=\"async\" class=\"alignnone  wp-image-932\" title=\"tn_V21 2011-01-20_03\" alt=\"\" src=\"http:\/\/hoyaer-eisenbahn.de\/wp-content\/uploads\/2012\/08\/tn_V21-2011-01-20_03-300x225.jpg\" width=\"180\" height=\"135\" srcset=\"http:\/\/hoyaer-eisenbahn.de\/wp-content\/uploads\/2012\/08\/tn_V21-2011-01-20_03-300x225.jpg 300w, http:\/\/hoyaer-eisenbahn.de\/wp-content\/uploads\/2012\/08\/tn_V21-2011-01-20_03.jpg 640w\" sizes=\"(max-width: 180px) 100vw, 180px\" \/><\/a>\u00a0 <a href=\"http:\/\/hoyaer-eisenbahn.de\/wp-content\/uploads\/2012\/08\/tn_Heiligenfelde-2011-01-20_03.jpg\" target=\"_blank\"><img loading=\"lazy\" decoding=\"async\" class=\"alignnone  wp-image-933\" title=\"tn_Heiligenfelde 2011-01-20_03\" alt=\"\" src=\"http:\/\/hoyaer-eisenbahn.de\/wp-content\/uploads\/2012\/08\/tn_Heiligenfelde-2011-01-20_03-300x225.jpg\" width=\"180\" height=\"135\" srcset=\"http:\/\/hoyaer-eisenbahn.de\/wp-content\/uploads\/2012\/08\/tn_Heiligenfelde-2011-01-20_03-300x225.jpg 300w, http:\/\/hoyaer-eisenbahn.de\/wp-content\/uploads\/2012\/08\/tn_Heiligenfelde-2011-01-20_03.jpg 640w\" sizes=\"(max-width: 180px) 100vw, 180px\" \/><\/a><\/p>\n<h5>1.)\u00a0 R\u00fcbenernte: Der Transport von R\u00fcben war lange Zeit ein wichtiger Faktor bei den VGH. (Bild: Archiv VGH)<br \/>\n2.)\u00a0 Im September 1960 passiert Lok 33 &#8222;BRUCHHAUSEN&#8220; mit einem G\u00fcterzug die Genossenschaft &#8211; und den wei\u00dfen Motorroller des Fotografen.\u00a0 (Bild: Harald O. Kindermann)<br \/>\n3. und 4.)\u00a0 Im Januar 2011 stellt V21 einen mit D\u00fcngemittel beladenen Zug zur Entladung bereit.<\/h5>\n<p>&nbsp;<\/p>\n<p><strong>Heiligenfelde<\/strong><br \/>\nDirekt hinter dem Anschlussgleis zur Genossenschaft liegt der Bahnsteig von Heiligenfelde. Kurz hinter dem Bahnsteig f\u00fchrte eine Weiche auf ein Umfahrungsgleis mit Ladestra\u00dfe und G\u00fcterschuppen. Dieses Gleis ist noch deutlich erkennbar, jedoch nicht mehr in Benutzung.<\/p>\n<p><a href=\"http:\/\/hoyaer-eisenbahn.de\/wp-content\/uploads\/2012\/08\/tn_HSA075.jpg\" target=\"_blank\"><img loading=\"lazy\" decoding=\"async\" class=\"alignnone  wp-image-935\" title=\"Heiligenfelde 1\" alt=\"\" src=\"http:\/\/hoyaer-eisenbahn.de\/wp-content\/uploads\/2012\/08\/tn_HSA075-300x195.jpg\" width=\"180\" height=\"117\" srcset=\"http:\/\/hoyaer-eisenbahn.de\/wp-content\/uploads\/2012\/08\/tn_HSA075-300x195.jpg 300w, http:\/\/hoyaer-eisenbahn.de\/wp-content\/uploads\/2012\/08\/tn_HSA075.jpg 640w\" sizes=\"(max-width: 180px) 100vw, 180px\" \/><\/a>\u00a0\u00a0\u00a0<a href=\"http:\/\/hoyaer-eisenbahn.de\/wp-content\/uploads\/2012\/08\/tn_Heiligenfelde-2012-09-01_02.jpg\" target=\"_blank\"><img loading=\"lazy\" decoding=\"async\" class=\"alignnone  wp-image-936\" title=\"Heiligenfelde 2\" alt=\"\" src=\"http:\/\/hoyaer-eisenbahn.de\/wp-content\/uploads\/2012\/08\/tn_Heiligenfelde-2012-09-01_02-300x200.jpg\" width=\"180\" height=\"120\" srcset=\"http:\/\/hoyaer-eisenbahn.de\/wp-content\/uploads\/2012\/08\/tn_Heiligenfelde-2012-09-01_02-300x200.jpg 300w, http:\/\/hoyaer-eisenbahn.de\/wp-content\/uploads\/2012\/08\/tn_Heiligenfelde-2012-09-01_02.jpg 640w\" sizes=\"(max-width: 180px) 100vw, 180px\" \/><\/a>\u00a0\u00a0 <a href=\"http:\/\/hoyaer-eisenbahn.de\/wp-content\/uploads\/2012\/08\/Hoya-Heiligenfelde.jpg\" target=\"_blank\"><img loading=\"lazy\" decoding=\"async\" class=\"alignnone  wp-image-937\" title=\"Hoya-Heiligenfelde\" alt=\"\" src=\"http:\/\/hoyaer-eisenbahn.de\/wp-content\/uploads\/2012\/08\/Hoya-Heiligenfelde-164x300.jpg\" width=\"66\" height=\"121\" srcset=\"http:\/\/hoyaer-eisenbahn.de\/wp-content\/uploads\/2012\/08\/Hoya-Heiligenfelde-164x300.jpg 164w, http:\/\/hoyaer-eisenbahn.de\/wp-content\/uploads\/2012\/08\/Hoya-Heiligenfelde.jpg 254w\" sizes=\"(max-width: 66px) 100vw, 66px\" \/><\/a>\u00a0 <a href=\"http:\/\/hoyaer-eisenbahn.de\/wp-content\/uploads\/2012\/08\/Hoya-West-Heiligenfelde.jpg\" target=\"_blank\"><img loading=\"lazy\" decoding=\"async\" class=\"alignnone  wp-image-2132\" alt=\"Hoya West - Heiligenfelde\" src=\"http:\/\/hoyaer-eisenbahn.de\/wp-content\/uploads\/2012\/08\/Hoya-West-Heiligenfelde-300x227.jpg\" width=\"158\" height=\"119\" srcset=\"http:\/\/hoyaer-eisenbahn.de\/wp-content\/uploads\/2012\/08\/Hoya-West-Heiligenfelde-300x227.jpg 300w, http:\/\/hoyaer-eisenbahn.de\/wp-content\/uploads\/2012\/08\/Hoya-West-Heiligenfelde.jpg 792w\" sizes=\"(max-width: 158px) 100vw, 158px\" \/><\/a><\/p>\n<h5>1.)\u00a0 In Heiligenfelde bekommt der Triebwagenverkehr schon reichlich Konkurrenz durch Omnibusse. Links die Weiche zum Umfahrungsgleis. (Bild: Archiv VGH)<br \/>\n2.)\u00a0 Der Bahnsteig im Jahr 2012. Auf dem Bild ist zu erkennen, dass der Bahnsteig zwischenzeitlich auch schon mal auf der gegen\u00fcberliegenden Seite des Gleises lag.<br \/>\n3.)\u00a0 F\u00fcr diese Fahrkarte der HSA musste noch mit einer unbekannten Summe in &#8222;Reichsmark&#8220; gezahlt werden.<br \/>\n4.)\u00a0 Im M\u00e4rz 1959 war das Ausstellen dieser Sch\u00fclerfahrkarte nach Heiligenfelde noch Handarbeit.<\/h5>\n<p>&nbsp;<\/p>\n<h5><em>Quellen:<br \/>\n&#8211; <em>Archiv Deutscher Eisenbahn-Verein e.V.<br \/>\n&#8211; Archiv Verkehrsbetriebe Grafschaft Hoya GmbH<br \/>\n&#8211; Harald O. Kindermann<br \/>\n<\/em><\/em><\/h5>\n","protected":false},"excerpt":{"rendered":"<p>Anschlussgleis Raiffeisen-Warengenossenschaft Heiligenfelde Die direkt an der Strecke liegende Raiffeisen-Genossenschaft verf\u00fcgt noch heute \u00fcber ein Umfahrungs- und ein zus\u00e4tzliches Nebengleis. Im vorderen Bereich befindet sich eine Ladestra\u00dfe, das Nebengleis f\u00fchrt direkt zu den Lagergeb\u00e4uden der Genossenschaft. Heute wird der Gleisanschluss &hellip; <a class=\"more-link\" href=\"http:\/\/hoyaer-eisenbahn.de\/?page_id=400\">Continue reading <span class=\"meta-nav\">&rarr;<\/span><\/a><\/p>\n","protected":false},"author":1,"featured_media":0,"parent":27,"menu_order":10,"comment_status":"closed","ping_status":"closed","template":"onecolumn-page.php","meta":{"footnotes":""},"_links":{"self":[{"href":"http:\/\/hoyaer-eisenbahn.de\/index.php?rest_route=\/wp\/v2\/pages\/400"}],"collection":[{"href":"http:\/\/hoyaer-eisenbahn.de\/index.php?rest_route=\/wp\/v2\/pages"}],"about":[{"href":"http:\/\/hoyaer-eisenbahn.de\/index.php?rest_route=\/wp\/v2\/types\/page"}],"author":[{"embeddable":true,"href":"http:\/\/hoyaer-eisenbahn.de\/index.php?rest_route=\/wp\/v2\/users\/1"}],"replies":[{"embeddable":true,"href":"http:\/\/hoyaer-eisenbahn.de\/index.php?rest_route=%2Fwp%2Fv2%2Fcomments&post=400"}],"version-history":[{"count":15,"href":"http:\/\/hoyaer-eisenbahn.de\/index.php?rest_route=\/wp\/v2\/pages\/400\/revisions"}],"predecessor-version":[{"id":2517,"href":"http:\/\/hoyaer-eisenbahn.de\/index.php?rest_route=\/wp\/v2\/pages\/400\/revisions\/2517"}],"up":[{"embeddable":true,"href":"http:\/\/hoyaer-eisenbahn.de\/index.php?rest_route=\/wp\/v2\/pages\/27"}],"wp:attachment":[{"href":"http:\/\/hoyaer-eisenbahn.de\/index.php?rest_route=%2Fwp%2Fv2%2Fmedia&parent=400"}],"curies":[{"name":"wp","href":"https:\/\/api.w.org\/{rel}","templated":true}]}}