{"id":34,"date":"2011-11-04T04:49:11","date_gmt":"2011-11-04T04:49:11","guid":{"rendered":"http:\/\/hoyaer-eisenbahn.de\/?page_id=34"},"modified":"2012-09-28T08:20:01","modified_gmt":"2012-09-28T08:20:01","slug":"themen","status":"publish","type":"page","link":"http:\/\/hoyaer-eisenbahn.de\/?page_id=34","title":{"rendered":"Fahrzeuge"},"content":{"rendered":"<p style=\"padding-left: 30px;\"><span style=\"color: #000000;\">Die ersten Z\u00fcge zwischen Hoya und Eystrup werden mit zwei Rowan Dampftriebwagen der HEG gefahren. Da die HSA zwischen Hoya und Syke mit Schmalspur-Lokomotiven f\u00e4hrt, werden im Laufe der Jahre entsprechend unterschiedliche Betriebsmittel von den beiden Kleinbahnen beschafft.<\/span><br \/>\n<span style=\"color: #000000;\"> Erst mit dem Zusammenschluss der Bahnen zu den Verkehrsbetrieben Grafschaft Hoya (VGH) und der Umspurung auf Normalspur werden ab den 1960er Jahren die Fahrzeuge zusammengef\u00fchrt. Dabei gehen viele Fahrzeuge von HEG und HSA in die neu gegr\u00fcndeten VGH \u00fcber.<\/span><br \/>\n<span style=\"color: #000000;\"> Einige Fahrzeuge der ehemaligen Kleinbahnen sind noch heute beim Deutschen Eisenbahn-Verein (DEV) erhalten und auf ihren alten Strecken unterwegs.<\/span><\/p>\n<p style=\"padding-left: 30px;\"><span style=\"color: #000000;\"><strong>Triebfahrzeuge der<a title=\"Hoyaer Eisenbahn-Gesellschaft\" href=\"http:\/\/hoyaer-eisenbahn.de\/?page_id=189\"><span style=\"color: #000000;\"><br \/>\n<\/span><\/a><\/strong><a title=\"Hoyaer Eisenbahn-Gesellschaft\" href=\"http:\/\/hoyaer-eisenbahn.de\/?page_id=189\"><span style=\"color: #000000;\">Hoyaer Eisenbahn-Gesellschaft (HEG)<\/span><\/a><\/span><br \/>\n<a title=\"Kleinbahn Hoya-Syke-Asendorf\" href=\"http:\/\/hoyaer-eisenbahn.de\/?page_id=558\"><span style=\"color: #000000;\"> <span style=\"color: #000000;\">Kleinbahn Hoya-Syke-Asendorf (HSA)<\/span><\/span><\/a><br \/>\n<span style=\"color: #000000;\"> <a title=\"Verkehrsbetriebe Grafschaft Hoya\" href=\"http:\/\/hoyaer-eisenbahn.de\/?page_id=187\"><span style=\"color: #000000;\">Verkehrsbetriebe Grafschaft Hoya (VGH)<\/span><\/a><\/span><\/p>\n<p style=\"padding-left: 30px;\"><span style=\"color: #000000;\">Eine Liste der Fahrzeuge des Deutschen Eisenbahn-Vereins e.V.\u00a0 steht auf den Seiten des DEV zur Verf\u00fcgung:<\/span> <span style=\"color: #333399;\"><a title=\"Fahrzeugliste DEV\" href=\"http:\/\/www.museumseisenbahn.de\/index.php\/de\/fahrzeuge.html\" target=\"_blank\"><span style=\"color: #333399;\">www.museumseisenbahn.de<\/span><\/a><\/span><\/p>\n<p style=\"padding-left: 30px;\">\n","protected":false},"excerpt":{"rendered":"<p>Die ersten Z\u00fcge zwischen Hoya und Eystrup werden mit zwei Rowan Dampftriebwagen der HEG gefahren. Da die HSA zwischen Hoya und Syke mit Schmalspur-Lokomotiven f\u00e4hrt, werden im Laufe der Jahre entsprechend unterschiedliche Betriebsmittel von den beiden Kleinbahnen beschafft. Erst mit &hellip; <a class=\"more-link\" href=\"http:\/\/hoyaer-eisenbahn.de\/?page_id=34\">Continue reading <span class=\"meta-nav\">&rarr;<\/span><\/a><\/p>\n","protected":false},"author":1,"featured_media":0,"parent":0,"menu_order":2,"comment_status":"closed","ping_status":"closed","template":"onecolumn-page.php","meta":{"footnotes":""},"_links":{"self":[{"href":"http:\/\/hoyaer-eisenbahn.de\/index.php?rest_route=\/wp\/v2\/pages\/34"}],"collection":[{"href":"http:\/\/hoyaer-eisenbahn.de\/index.php?rest_route=\/wp\/v2\/pages"}],"about":[{"href":"http:\/\/hoyaer-eisenbahn.de\/index.php?rest_route=\/wp\/v2\/types\/page"}],"author":[{"embeddable":true,"href":"http:\/\/hoyaer-eisenbahn.de\/index.php?rest_route=\/wp\/v2\/users\/1"}],"replies":[{"embeddable":true,"href":"http:\/\/hoyaer-eisenbahn.de\/index.php?rest_route=%2Fwp%2Fv2%2Fcomments&post=34"}],"version-history":[{"count":27,"href":"http:\/\/hoyaer-eisenbahn.de\/index.php?rest_route=\/wp\/v2\/pages\/34\/revisions"}],"predecessor-version":[{"id":2500,"href":"http:\/\/hoyaer-eisenbahn.de\/index.php?rest_route=\/wp\/v2\/pages\/34\/revisions\/2500"}],"wp:attachment":[{"href":"http:\/\/hoyaer-eisenbahn.de\/index.php?rest_route=%2Fwp%2Fv2%2Fmedia&parent=34"}],"curies":[{"name":"wp","href":"https:\/\/api.w.org\/{rel}","templated":true}]}}