{"id":2022,"date":"2013-10-25T08:26:32","date_gmt":"2013-10-25T08:26:32","guid":{"rendered":"http:\/\/hoyaer-eisenbahn.de\/?page_id=2022"},"modified":"2015-09-17T10:22:29","modified_gmt":"2015-09-17T10:22:29","slug":"lok-1","status":"publish","type":"page","link":"http:\/\/hoyaer-eisenbahn.de\/?page_id=2022","title":{"rendered":"Lok 1"},"content":{"rendered":"<p><strong>Baureihe:<\/strong> &#8211;<br \/>\n<strong>Hersteller:<\/strong> Hanomag<br \/>\n<strong>Fabriknummer:<\/strong> 10132<br \/>\n<strong>Baujahr:<\/strong> 1925<\/p>\n<ul>\n<li>1925 \u2013 Lieferung an die Hoyaer Eisenbahn-Gesellschaft (HEG) als Lok 1<\/li>\n<li>1936 \u2013 an Hibernia Bergwerks-AG Wanne-Eickel (Stickstoff-Werke Herne) als Lok 1<\/li>\n<li>1972 \u2013 Denkmal am Einkaufszentrum Rhein-Ahr, Bad Breisig<\/li>\n<li>1982 \u2013 an privat, optisch aufgearbeitet, fiktive Nummer &#8222;89 501&#8220;<\/li>\n<\/ul>\n<p><a href=\"http:\/\/hoyaer-eisenbahn.de\/wp-content\/uploads\/2012\/09\/tn_HEG-Bf-Hoya-1936.jpg\" target=\"_blank\"><img loading=\"lazy\" decoding=\"async\" title=\"tn_HEG Bf Hoya 1936\" alt=\"\" src=\"http:\/\/hoyaer-eisenbahn.de\/wp-content\/uploads\/2012\/09\/tn_HEG-Bf-Hoya-1936-300x205.jpg\" width=\"180\" height=\"123\" \/><\/a>\u00a0 <a href=\"http:\/\/hoyaer-eisenbahn.de\/wp-content\/uploads\/2012\/09\/tn_HEG-Lok-4.jpg\" target=\"_blank\"><img loading=\"lazy\" decoding=\"async\" title=\"tn_HEG Lok 4\" alt=\"\" src=\"http:\/\/hoyaer-eisenbahn.de\/wp-content\/uploads\/2012\/09\/tn_HEG-Lok-4-300x225.jpg\" width=\"180\" height=\"135\" \/><\/a><\/p>\n<h5>1.)\u00a0 Beim 50-j\u00e4hrigen Jubil\u00e4um der HEG steht Lok 1 geschm\u00fcckt im Hintergrund. (Bild: Archiv VGH)<br \/>\n2.)\u00a0 Lok 1 im Juli 1970 bei der VEBA-Chemie West (Bild: P. Pekny \/ Archiv VGH)<\/h5>\n<p>&nbsp;<\/p>\n<p><a href=\"http:\/\/hoyaer-eisenbahn.de\/wp-content\/uploads\/2013\/10\/Lok-1_1.jpg\" target=\"_blank\"><img loading=\"lazy\" decoding=\"async\" class=\"alignnone  wp-image-2117\" alt=\"Lok 1_1\" src=\"http:\/\/hoyaer-eisenbahn.de\/wp-content\/uploads\/2013\/10\/Lok-1_1-300x193.jpg\" width=\"180\" height=\"116\" srcset=\"http:\/\/hoyaer-eisenbahn.de\/wp-content\/uploads\/2013\/10\/Lok-1_1-300x193.jpg 300w, http:\/\/hoyaer-eisenbahn.de\/wp-content\/uploads\/2013\/10\/Lok-1_1.jpg 797w\" sizes=\"(max-width: 180px) 100vw, 180px\" \/><\/a>\u00a0 <a href=\"http:\/\/hoyaer-eisenbahn.de\/wp-content\/uploads\/2013\/10\/Lok-1_2.jpg\" target=\"_blank\"><img loading=\"lazy\" decoding=\"async\" class=\"alignnone  wp-image-2118\" alt=\"Lok 1_2\" src=\"http:\/\/hoyaer-eisenbahn.de\/wp-content\/uploads\/2013\/10\/Lok-1_2-195x300.jpg\" width=\"117\" height=\"180\" srcset=\"http:\/\/hoyaer-eisenbahn.de\/wp-content\/uploads\/2013\/10\/Lok-1_2-195x300.jpg 195w, http:\/\/hoyaer-eisenbahn.de\/wp-content\/uploads\/2013\/10\/Lok-1_2.jpg 517w\" sizes=\"(max-width: 117px) 100vw, 117px\" \/><\/a>\u00a0 <a href=\"http:\/\/hoyaer-eisenbahn.de\/wp-content\/uploads\/2013\/10\/Lok-1_3.jpg\" target=\"_blank\"><img loading=\"lazy\" decoding=\"async\" class=\"alignnone  wp-image-2116\" alt=\"Lok 1_3\" src=\"http:\/\/hoyaer-eisenbahn.de\/wp-content\/uploads\/2013\/10\/Lok-1_3-195x300.jpg\" width=\"117\" height=\"180\" srcset=\"http:\/\/hoyaer-eisenbahn.de\/wp-content\/uploads\/2013\/10\/Lok-1_3-195x300.jpg 195w, http:\/\/hoyaer-eisenbahn.de\/wp-content\/uploads\/2013\/10\/Lok-1_3.jpg 517w\" sizes=\"(max-width: 117px) 100vw, 117px\" \/><\/a><\/p>\n<h5>1.-3.) Im Jahr 1988 steht die ehemalige Lok 1 abgestellt auf einem Privatgrundst\u00fcck. Die optische Aufarbeitung zeigt die Beschilderung mit einer fiktiven Loknummer, Eignerkennzeichnung und Heimat-Bw.\u00a0 (Bilder: C. Schr\u00f6der)<\/h5>\n<h5><em>Quellen:<\/em><br \/>\n<em> &#8211; Archiv Verkehrsbetriebe Grafschaft Hoya GmbH<br \/>\n&#8211; H.-P. Kempf<br \/>\n&#8211; C. Schr\u00f6der<br \/>\n<\/em><\/h5>\n","protected":false},"excerpt":{"rendered":"<p>Baureihe: &#8211; Hersteller: Hanomag Fabriknummer: 10132 Baujahr: 1925 1925 \u2013 Lieferung an die Hoyaer Eisenbahn-Gesellschaft (HEG) als Lok 1 1936 \u2013 an Hibernia Bergwerks-AG Wanne-Eickel (Stickstoff-Werke Herne) als Lok 1 1972 \u2013 Denkmal am Einkaufszentrum Rhein-Ahr, Bad Breisig 1982 \u2013 &hellip; <a class=\"more-link\" href=\"http:\/\/hoyaer-eisenbahn.de\/?page_id=2022\">Continue reading <span class=\"meta-nav\">&rarr;<\/span><\/a><\/p>\n","protected":false},"author":1,"featured_media":0,"parent":617,"menu_order":0,"comment_status":"closed","ping_status":"closed","template":"onecolumn-page.php","meta":{"footnotes":""},"_links":{"self":[{"href":"http:\/\/hoyaer-eisenbahn.de\/index.php?rest_route=\/wp\/v2\/pages\/2022"}],"collection":[{"href":"http:\/\/hoyaer-eisenbahn.de\/index.php?rest_route=\/wp\/v2\/pages"}],"about":[{"href":"http:\/\/hoyaer-eisenbahn.de\/index.php?rest_route=\/wp\/v2\/types\/page"}],"author":[{"embeddable":true,"href":"http:\/\/hoyaer-eisenbahn.de\/index.php?rest_route=\/wp\/v2\/users\/1"}],"replies":[{"embeddable":true,"href":"http:\/\/hoyaer-eisenbahn.de\/index.php?rest_route=%2Fwp%2Fv2%2Fcomments&post=2022"}],"version-history":[{"count":5,"href":"http:\/\/hoyaer-eisenbahn.de\/index.php?rest_route=\/wp\/v2\/pages\/2022\/revisions"}],"predecessor-version":[{"id":2530,"href":"http:\/\/hoyaer-eisenbahn.de\/index.php?rest_route=\/wp\/v2\/pages\/2022\/revisions\/2530"}],"up":[{"embeddable":true,"href":"http:\/\/hoyaer-eisenbahn.de\/index.php?rest_route=\/wp\/v2\/pages\/617"}],"wp:attachment":[{"href":"http:\/\/hoyaer-eisenbahn.de\/index.php?rest_route=%2Fwp%2Fv2%2Fmedia&parent=2022"}],"curies":[{"name":"wp","href":"https:\/\/api.w.org\/{rel}","templated":true}]}}