{"id":1602,"date":"2013-01-28T16:52:21","date_gmt":"2013-01-28T16:52:21","guid":{"rendered":"http:\/\/hoyaer-eisenbahn.de\/?page_id=1602"},"modified":"2015-09-17T10:29:44","modified_gmt":"2015-09-17T10:29:44","slug":"thema-fahrzeuge-mak-gdt-uberfuhrung-von-italien-nach-deutschland","status":"publish","type":"page","link":"http:\/\/hoyaer-eisenbahn.de\/?page_id=1602","title":{"rendered":"Thema \/ Fahrzeuge:  MaK GDT &#8211; \u00dcberf\u00fchrung von Italien nach Deutschland"},"content":{"rendered":"<h2>\u00dcberf\u00fchrung der ex OHE GDT von Reggio Emilio nach L\u00fcneburg in ihre alte Heimat.<\/h2>\n<p><span style=\"color: #000000;\">1977 verkaufte die Osthannoversche Eisenbahnen AG sechs MaK GDT nach Italien an die Azienda Consorziale Trasporti (ACT), darunter auch den sp\u00e4teren \u201cT3\u2033 des DEV. Als die Fahrzeuge in Italien au\u00dfer Dienst gestellt wurden, kaufte die Arbeitsgemeinschaft Verkehrsfreunde L\u00fcneburg (AVL) die Triebwagen und \u00fcberf\u00fchrte im Jahr 2000 die sechs MaK GDT aus Italien zur\u00fcck nach Deutschland. Dieter Hecke begleitete die Fahrt und berichtet.<\/span><\/p>\n<p><span style=\"color: #000000;\"><em>Ein Reisebericht mit Fotos von Dieter Hecke.<\/em><\/span><\/p>\n<p><span style=\"text-decoration: underline; color: #000000;\">Sonntag 5.3.2000 <\/span><br \/>\n<span style=\"color: #000000;\">Los ging es in Eppstein gegen 15.00 Uhr Richtung Frankfurt\/Main. Von dort mit dem ICE nach W\u00fcrzburg, um im Zug mit den Vereinsmitgliedern der Arbeitsgemeinschaft Verkehrsfreunde L\u00fcneburg (AVL) zusammenzutreffen.\u00a0 <\/span><br \/>\n<span style=\"color: #000000;\"> Um 20.30 Uhr setzten wir unsere Fahrt mit dem Liegewagenzug in einem italienischen Wagenpark Richtung Italien fort. <\/span><\/p>\n<p><span style=\"text-decoration: underline;\"><span style=\"color: #000000; text-decoration: underline;\"> Montag 6.3.2000 <\/span><\/span><br \/>\n<span style=\"color: #000000;\">Um 03.30 Uhr klingelten die Wecker, wir durchfuhren Modena. P\u00fcnktliche Ankunft in Bologna.<\/span><br \/>\n<span style=\"color: #000000;\"> Dann weiter mit einem Eilzug nach Reggio. Dort durften wir eine gut gepflegte 216 der Azienda Consorziale Trasporti (ACT) bewundern, wodurch wir jedoch die mit dem Auto vorgefahrenen Vereinsmitglieder verpassten, welche uns mit dem Auto vom Bahnhof abholen wollten. Also wurde das Gep\u00e4ck bis zum Betriebswerk der ACT selber geschleppt. <\/span><br \/>\n<span style=\"color: #000000;\"> Dort gingen wir mit der gesamten Gruppe zu den Triebwagen und warteten auf das Personal der ACT. Auf den Gleisen der ACT herrschte um 06.00 Uhr fr\u00fch bereits reger Eisenbahnbetrieb.<\/span><\/p>\n<p><span style=\"color: #000000;\"> Nach dem Eintreffen des ACT-Personals luden wir verschiedene Sachen aus dem Auto in die Triebwagen. Es wurde noch einmal umrangiert, dann wurde der Zug mit einer ACT-Lok zum FS -Bahnhof \u00fcberf\u00fchrt. <\/span><\/p>\n<p><a href=\"http:\/\/hoyaer-eisenbahn.de\/wp-content\/uploads\/2013\/01\/GDT-Ueberf-01.jpg\" target=\"_blank\"><img loading=\"lazy\" decoding=\"async\" class=\"alignnone  wp-image-1608\" title=\"GDT Ueberf 01\" alt=\"\" src=\"http:\/\/hoyaer-eisenbahn.de\/wp-content\/uploads\/2013\/01\/GDT-Ueberf-01-300x193.jpg\" width=\"180\" height=\"116\" srcset=\"http:\/\/hoyaer-eisenbahn.de\/wp-content\/uploads\/2013\/01\/GDT-Ueberf-01-300x193.jpg 300w, http:\/\/hoyaer-eisenbahn.de\/wp-content\/uploads\/2013\/01\/GDT-Ueberf-01.jpg 640w\" sizes=\"(max-width: 180px) 100vw, 180px\" \/><\/a>\u00a0 <a href=\"http:\/\/hoyaer-eisenbahn.de\/wp-content\/uploads\/2013\/01\/GDT-Ueberf-02.jpg\" target=\"_blank\"><img loading=\"lazy\" decoding=\"async\" class=\"alignnone  wp-image-1609\" title=\"GDT Ueberf 02\" alt=\"\" src=\"http:\/\/hoyaer-eisenbahn.de\/wp-content\/uploads\/2013\/01\/GDT-Ueberf-02-300x197.jpg\" width=\"180\" height=\"118\" srcset=\"http:\/\/hoyaer-eisenbahn.de\/wp-content\/uploads\/2013\/01\/GDT-Ueberf-02-300x197.jpg 300w, http:\/\/hoyaer-eisenbahn.de\/wp-content\/uploads\/2013\/01\/GDT-Ueberf-02.jpg 640w\" sizes=\"(max-width: 180px) 100vw, 180px\" \/><\/a>\u00a0 <a href=\"http:\/\/hoyaer-eisenbahn.de\/wp-content\/uploads\/2013\/01\/GDT-Ueberf-04.jpg\" target=\"_blank\"><img loading=\"lazy\" decoding=\"async\" class=\"alignnone  wp-image-1610\" title=\"GDT Ueberf 04\" alt=\"\" src=\"http:\/\/hoyaer-eisenbahn.de\/wp-content\/uploads\/2013\/01\/GDT-Ueberf-04-222x300.jpg\" width=\"91\" height=\"122\" srcset=\"http:\/\/hoyaer-eisenbahn.de\/wp-content\/uploads\/2013\/01\/GDT-Ueberf-04-222x300.jpg 222w, http:\/\/hoyaer-eisenbahn.de\/wp-content\/uploads\/2013\/01\/GDT-Ueberf-04.jpg 474w\" sizes=\"(max-width: 91px) 100vw, 91px\" \/><\/a>\u00a0 <a href=\"http:\/\/hoyaer-eisenbahn.de\/wp-content\/uploads\/2013\/01\/GDT-Ueberf-08.jpg\" target=\"_blank\"><img loading=\"lazy\" decoding=\"async\" class=\"alignnone  wp-image-1611\" title=\"GDT Ueberf 08\" alt=\"\" src=\"http:\/\/hoyaer-eisenbahn.de\/wp-content\/uploads\/2013\/01\/GDT-Ueberf-08-300x198.jpg\" width=\"180\" height=\"119\" srcset=\"http:\/\/hoyaer-eisenbahn.de\/wp-content\/uploads\/2013\/01\/GDT-Ueberf-08-300x198.jpg 300w, http:\/\/hoyaer-eisenbahn.de\/wp-content\/uploads\/2013\/01\/GDT-Ueberf-08.jpg 640w\" sizes=\"(max-width: 180px) 100vw, 180px\" \/><\/a>\u00a0 <a href=\"http:\/\/hoyaer-eisenbahn.de\/wp-content\/uploads\/2013\/01\/GDT-Ueberf-09.jpg\" target=\"_blank\"><img loading=\"lazy\" decoding=\"async\" class=\"alignnone  wp-image-1612\" title=\"GDT Ueberf 09\" alt=\"\" src=\"http:\/\/hoyaer-eisenbahn.de\/wp-content\/uploads\/2013\/01\/GDT-Ueberf-09-300x198.jpg\" width=\"180\" height=\"119\" srcset=\"http:\/\/hoyaer-eisenbahn.de\/wp-content\/uploads\/2013\/01\/GDT-Ueberf-09-300x198.jpg 300w, http:\/\/hoyaer-eisenbahn.de\/wp-content\/uploads\/2013\/01\/GDT-Ueberf-09.jpg 640w\" sizes=\"(max-width: 180px) 100vw, 180px\" \/><\/a><\/p>\n<p><span style=\"color: #000000;\">Bis zum Brenner fuhr ich nicht im Zug, sondern im Auto, um einige Aufnahmen der \u00dcberf\u00fchrung von au\u00dfen zu machen.<\/span><br \/>\n<span style=\"color: #000000;\"> Die \u00dcberf\u00fchrung \u00fcber den Brenner erfolgte mit Vorspann, da weder die FS, noch die \u00d6BB uns mit eigener Kraft \u00fcber den Brenner lassen wollten. Die Abfahrt des Zuges erfolgte mit einer Altbau-Elok der FS Richtung Modena.<\/span><\/p>\n<p><a href=\"http:\/\/hoyaer-eisenbahn.de\/wp-content\/uploads\/2013\/01\/GDT-Ueberf-11.jpg\" target=\"_blank\"><img loading=\"lazy\" decoding=\"async\" class=\"alignnone  wp-image-1614\" title=\"GDT Ueberf 11\" alt=\"\" src=\"http:\/\/hoyaer-eisenbahn.de\/wp-content\/uploads\/2013\/01\/GDT-Ueberf-11-300x198.jpg\" width=\"180\" height=\"119\" srcset=\"http:\/\/hoyaer-eisenbahn.de\/wp-content\/uploads\/2013\/01\/GDT-Ueberf-11-300x198.jpg 300w, http:\/\/hoyaer-eisenbahn.de\/wp-content\/uploads\/2013\/01\/GDT-Ueberf-11.jpg 640w\" sizes=\"(max-width: 180px) 100vw, 180px\" \/><\/a><\/p>\n<p><span style=\"color: #000000;\">Wir Autobegleiter erreichten den Brenner gegen 20:30 Uhr. Nach einigen Telefongespr\u00e4chen mit der Triebwagenbesatzung erfuhren wir, dass das Lokpersonal eine 2-st\u00fcndige Abendbrotpause eingelegt hatte, und man plane den Brenner gegen Mitternacht zu erreichen. <\/span><br \/>\n<span style=\"color: #000000;\"> Also hie\u00df es auf der Ladefl\u00e4che des VW Busses Betten zu bauen, und dann ging es rein in den warmen Schlafsack. <\/span><\/p>\n<p><span style=\"text-decoration: underline;\"><span style=\"color: #000000; text-decoration: underline;\"> Dienstag 7.3.2000 <\/span><\/span><br \/>\n<span style=\"color: #000000;\">Morgens gegen 7.00 Uhr wurden wir wach und mussten erst einmal die Scheiben von innen vom Eis befreien, dann ging es zum Bahnhof. <\/span><br \/>\n<span style=\"color: #000000;\"> Dort waren die anderen auch schon aufgewacht, und besch\u00e4ftigten sich mit dem Anlassen der Motoren. Die zwei Motoren des ersten Triebwagens sprangen auch nach kurzer Bedenkzeit und viel Rauchentwicklung an. Beim zweiten Triebwagen waren die Batterien zu schwach, so dass wir hier die schon vorher nach Reggio gebrachten Batterien einbauen mussten. <\/span><\/p>\n<p><a href=\"http:\/\/hoyaer-eisenbahn.de\/wp-content\/uploads\/2013\/01\/GDT-Ueberf-19.jpg\" target=\"_blank\"><img loading=\"lazy\" decoding=\"async\" class=\"alignnone  wp-image-1616\" title=\"GDT Ueberf 19\" alt=\"\" src=\"http:\/\/hoyaer-eisenbahn.de\/wp-content\/uploads\/2013\/01\/GDT-Ueberf-19-197x300.jpg\" width=\"94\" height=\"123\" \/><\/a>\u00a0 <a href=\"http:\/\/hoyaer-eisenbahn.de\/wp-content\/uploads\/2013\/01\/GDT-Ueberf-15.jpg\" target=\"_blank\"><img loading=\"lazy\" decoding=\"async\" class=\"alignnone  wp-image-1617\" title=\"GDT Ueberf 15\" alt=\"\" src=\"http:\/\/hoyaer-eisenbahn.de\/wp-content\/uploads\/2013\/01\/GDT-Ueberf-15-300x198.jpg\" width=\"180\" height=\"119\" srcset=\"http:\/\/hoyaer-eisenbahn.de\/wp-content\/uploads\/2013\/01\/GDT-Ueberf-15-300x198.jpg 300w, http:\/\/hoyaer-eisenbahn.de\/wp-content\/uploads\/2013\/01\/GDT-Ueberf-15.jpg 640w\" sizes=\"(max-width: 180px) 100vw, 180px\" \/><\/a>\u00a0 <a href=\"http:\/\/hoyaer-eisenbahn.de\/wp-content\/uploads\/2012\/08\/T3-2460.jpg\" target=\"_blank\"><img loading=\"lazy\" decoding=\"async\" class=\"alignnone  wp-image-1555\" title=\"T3 2460\" alt=\"\" src=\"http:\/\/hoyaer-eisenbahn.de\/wp-content\/uploads\/2012\/08\/T3-2460-300x204.jpg\" width=\"180\" height=\"122\" srcset=\"http:\/\/hoyaer-eisenbahn.de\/wp-content\/uploads\/2012\/08\/T3-2460-300x204.jpg 300w, http:\/\/hoyaer-eisenbahn.de\/wp-content\/uploads\/2012\/08\/T3-2460.jpg 640w\" sizes=\"(max-width: 180px) 100vw, 180px\" \/><\/a><br \/>\n<span style=\"color: #000000;\"> Nach Genehmigung durch den italienischen Fahrdienstleiter des Bahnhofs Brenner konnten wir die ersten Laufversuche mit den Triebwagen im Bahnhof vornehmen. Es mussten noch einige Einstellungen an den Getrieben vorgenommen werden, dann wurde der Zug in die richtige Reihenfolge rangiert.<\/span><br \/>\n<span style=\"color: #000000;\">Unsere 6 Triebwagen sollten am Ende eines planm\u00e4\u00dfigen G\u00fcterzuges die Brennerrampe hinunter fahren.<\/span><\/p>\n<p><span style=\"color: #000000;\">Gegen 20.30 Uhr zog uns eine italienische Rangierlok aus dem Gleis, in welchem wir fast den ganzen Tag gestanden hatten, und rangierte uns an den G\u00fcterzug. Abfahrt gegen 22:00 Uhr den Brenner hinab.<\/span><\/p>\n<p><span style=\"color: #000000;\">Zu unserem Gl\u00fcck waren vor unseren Triebwagen drei Flachwagen eingereiht, so dass wir die z\u00fcgige Fahrt den Brenner hinab im Dunkeln sehr gut verfolgen konnten. Durch Innsbruck ging es ohne Halt. Im gro\u00dfen Rangierbahnhof von Hall wurden die Flachwagen aus dem Zug genommen, so dass vor uns ein normaler G\u00fcterwagen lief. Damit war die Aussicht dahin.\u00a0 Irgendwann in der Nacht erreichten wir Kufstein.<\/span><\/p>\n<p><span style=\"text-decoration: underline; color: #000000;\">Mittwoch 8.3.2000<\/span><br \/>\n<span style=\"color: #000000;\"> Am Morgen gegen 7.00 Uhr hie\u00df es Aufstehen. Zum Fr\u00fchst\u00fcck gab es frische Br\u00f6tchen, danach begann das Starten der Motoren. Alle Motoren beider f\u00fchrenden Triebwagen sprangen an und liefen erstmal sehr gut im Leerlauf.<\/span><br \/>\n<span style=\"color: #000000;\"> Gegen 8.30 Uhr trafen dann die anderen Vereinsmitglieder ein, welche den Zug ab Kufstein begleiten wollten.<\/span><\/p>\n<p><span style=\"color: #000000;\">Kurz vor der Abfahrtszeit vernahmen wir ein klackerndes Ger\u00e4usch vom ersten Motor des f\u00fchrenden Triebwagens. Der Motor stellte ab. Wir hoben die Ventildeckel ab und begutachteten den Schaden. Eine Ventilfeder war gebrochen, ebenso die St\u00f6\u00dfelstange. \u00dcberlegung mit 3 Motoren weiterzufahren, vielleicht machen die Berge bei Kassel Probleme.<\/span><br \/>\n<span style=\"color: #000000;\"> W\u00e4hrend der \u00dcberlegungen das gleiche Ger\u00e4usch vom hinteren Motor, auch hier war nun eine Ventilfeder gebrochen.<\/span><\/p>\n<p><span style=\"color: #000000;\">Die Abfahrtszeit r\u00fcckte n\u00e4her, zwei Motoren liefen nicht, wir wollten aber raus aus \u00d6sterreich.<\/span><br \/>\n<span style=\"color: #000000;\"> Da es bis Rosenheim kaum Steigungen gibt, wollten wir versuchen, mit den 2 Motoren des hinteren Triebwagens alle 6 Fahrzeuge nach Deutschland zu bringen.<\/span><br \/>\n<span style=\"color: #000000;\"> Beide Getriebe im 1. Triebwagen wurden ausgekuppelt, die Zeit dr\u00e4ngte, aber noch war kein DB-Lotse da. Mit 10 Minuten Versp\u00e4tung setzte sich die Fuhre schlie\u00dflich in Bewegung.<\/span><\/p>\n<p><a href=\"http:\/\/hoyaer-eisenbahn.de\/wp-content\/uploads\/2013\/01\/GDT-Ueberf-22.jpg\" target=\"_blank\"><img loading=\"lazy\" decoding=\"async\" class=\"alignnone  wp-image-1619\" title=\"GDT Ueberf 22\" alt=\"\" src=\"http:\/\/hoyaer-eisenbahn.de\/wp-content\/uploads\/2013\/01\/GDT-Ueberf-22-203x300.jpg\" width=\"81\" height=\"119\" srcset=\"http:\/\/hoyaer-eisenbahn.de\/wp-content\/uploads\/2013\/01\/GDT-Ueberf-22-203x300.jpg 203w, http:\/\/hoyaer-eisenbahn.de\/wp-content\/uploads\/2013\/01\/GDT-Ueberf-22.jpg 435w\" sizes=\"(max-width: 81px) 100vw, 81px\" \/><\/a> \u00a0<a href=\"http:\/\/hoyaer-eisenbahn.de\/wp-content\/uploads\/2013\/01\/GDT-Ueberf-23.jpg\" target=\"_blank\"><img loading=\"lazy\" decoding=\"async\" class=\"alignnone  wp-image-1620\" title=\"GDT Ueberf 23\" alt=\"\" src=\"http:\/\/hoyaer-eisenbahn.de\/wp-content\/uploads\/2013\/01\/GDT-Ueberf-23-207x300.jpg\" width=\"83\" height=\"121\" srcset=\"http:\/\/hoyaer-eisenbahn.de\/wp-content\/uploads\/2013\/01\/GDT-Ueberf-23-207x300.jpg 207w, http:\/\/hoyaer-eisenbahn.de\/wp-content\/uploads\/2013\/01\/GDT-Ueberf-23.jpg 442w\" sizes=\"(max-width: 83px) 100vw, 83px\" \/><\/a>\u00a0 <a href=\"http:\/\/hoyaer-eisenbahn.de\/wp-content\/uploads\/2013\/01\/GDT-Ueberf-21.jpg\" target=\"_blank\"><img loading=\"lazy\" decoding=\"async\" class=\"alignnone  wp-image-1618\" title=\"GDT Ueberf 21\" alt=\"\" src=\"http:\/\/hoyaer-eisenbahn.de\/wp-content\/uploads\/2013\/01\/GDT-Ueberf-21-300x200.jpg\" width=\"180\" height=\"120\" srcset=\"http:\/\/hoyaer-eisenbahn.de\/wp-content\/uploads\/2013\/01\/GDT-Ueberf-21-300x200.jpg 300w, http:\/\/hoyaer-eisenbahn.de\/wp-content\/uploads\/2013\/01\/GDT-Ueberf-21.jpg 640w\" sizes=\"(max-width: 180px) 100vw, 180px\" \/><\/a><\/p>\n<p><span style=\"color: #000000;\">In Rosenheim wurde wieder umrangiert, den Triebwagen mit den 2 defekten Motoren nach hinten, und den als Reserve vorgesehenen Triebwagen an die zweite Stelle. Dieser sprang auch problemlos an, und der Weiterfahrt mit eigener Kraft und nunmehr vier funktionierenden Motoren stand nichts mehr im Wege.<\/span><br \/>\n<span style=\"color: #000000;\"> Es ging mit der erlaubten H\u00f6chstgeschwindigkeit von 50 km\/h \u00fcber M\u00fcnchen (Tankpause), Augsburg, W\u00fcrzburg bis nach G\u00f6ttingen zur n\u00e4chsten Tankpause.<\/span><\/p>\n<p><span style=\"color: #000000;\"><span style=\"text-decoration: underline;\">Donnerstag 9.3.2000<br \/>\n<\/span>Weiter \u00fcber Hannover bis nach Celle, wo wir gegen 18.00 Uhr ankamen und erst mal eine Pause bis Samstag f\u00fcr den letzten Teil der Strecke nach L\u00fcneburg einlegten.<\/span><\/p>\n<p><span style=\"text-decoration: underline; color: #000000;\">Freitag 10.3.2000<\/span><br \/>\n<span style=\"color: #000000;\"> Einige kleine Arbeiten f\u00fcr den letzten Teil der Strecke wurden erledigt. Im Zug wurde aufger\u00e4umt, da sich sogar der NDR zu einem Bericht angek\u00fcndigt hatte.<\/span><\/p>\n<p><span style=\"text-decoration: underline; color: #000000;\">Samstag 11.3.2000<\/span><br \/>\n<span style=\"color: #000000;\"> Bei regnerischem Wetter ging es auf den letzten Teil der langen \u00dcberf\u00fchrungsfahrt. \u00dcber Soltau und H\u00fctzel wurde endlich nach fast einer Woche Fahrt L\u00fcneburg erreicht.<\/span><\/p>\n<p><a href=\"http:\/\/hoyaer-eisenbahn.de\/wp-content\/uploads\/2013\/01\/GDT-Ueberf-25.jpg\" target=\"_blank\"><img loading=\"lazy\" decoding=\"async\" class=\"alignnone  wp-image-1623\" title=\"GDT Ueberf 25\" alt=\"\" src=\"http:\/\/hoyaer-eisenbahn.de\/wp-content\/uploads\/2013\/01\/GDT-Ueberf-25-300x179.jpg\" width=\"180\" height=\"107\" srcset=\"http:\/\/hoyaer-eisenbahn.de\/wp-content\/uploads\/2013\/01\/GDT-Ueberf-25-300x179.jpg 300w, http:\/\/hoyaer-eisenbahn.de\/wp-content\/uploads\/2013\/01\/GDT-Ueberf-25.jpg 640w\" sizes=\"(max-width: 180px) 100vw, 180px\" \/><\/a>\u00a0 <a href=\"http:\/\/hoyaer-eisenbahn.de\/wp-content\/uploads\/2013\/01\/GDT-Ueberf-26.jpg\" target=\"_blank\"><img loading=\"lazy\" decoding=\"async\" class=\"alignnone  wp-image-1624\" title=\"GDT Ueberf 26\" alt=\"\" src=\"http:\/\/hoyaer-eisenbahn.de\/wp-content\/uploads\/2013\/01\/GDT-Ueberf-26-300x198.jpg\" width=\"164\" height=\"109\" srcset=\"http:\/\/hoyaer-eisenbahn.de\/wp-content\/uploads\/2013\/01\/GDT-Ueberf-26-300x198.jpg 300w, http:\/\/hoyaer-eisenbahn.de\/wp-content\/uploads\/2013\/01\/GDT-Ueberf-26.jpg 640w\" sizes=\"(max-width: 164px) 100vw, 164px\" \/><\/a><\/p>\n<p>&nbsp;<\/p>\n","protected":false},"excerpt":{"rendered":"<p>\u00dcberf\u00fchrung der ex OHE GDT von Reggio Emilio nach L\u00fcneburg in ihre alte Heimat. 1977 verkaufte die Osthannoversche Eisenbahnen AG sechs MaK GDT nach Italien an die Azienda Consorziale Trasporti (ACT), darunter auch den sp\u00e4teren \u201cT3\u2033 des DEV. Als die &hellip; <a class=\"more-link\" href=\"http:\/\/hoyaer-eisenbahn.de\/?page_id=1602\">Continue reading <span class=\"meta-nav\">&rarr;<\/span><\/a><\/p>\n","protected":false},"author":1,"featured_media":0,"parent":617,"menu_order":0,"comment_status":"closed","ping_status":"closed","template":"onecolumn-page.php","meta":{"footnotes":""},"_links":{"self":[{"href":"http:\/\/hoyaer-eisenbahn.de\/index.php?rest_route=\/wp\/v2\/pages\/1602"}],"collection":[{"href":"http:\/\/hoyaer-eisenbahn.de\/index.php?rest_route=\/wp\/v2\/pages"}],"about":[{"href":"http:\/\/hoyaer-eisenbahn.de\/index.php?rest_route=\/wp\/v2\/types\/page"}],"author":[{"embeddable":true,"href":"http:\/\/hoyaer-eisenbahn.de\/index.php?rest_route=\/wp\/v2\/users\/1"}],"replies":[{"embeddable":true,"href":"http:\/\/hoyaer-eisenbahn.de\/index.php?rest_route=%2Fwp%2Fv2%2Fcomments&post=1602"}],"version-history":[{"count":17,"href":"http:\/\/hoyaer-eisenbahn.de\/index.php?rest_route=\/wp\/v2\/pages\/1602\/revisions"}],"predecessor-version":[{"id":2549,"href":"http:\/\/hoyaer-eisenbahn.de\/index.php?rest_route=\/wp\/v2\/pages\/1602\/revisions\/2549"}],"up":[{"embeddable":true,"href":"http:\/\/hoyaer-eisenbahn.de\/index.php?rest_route=\/wp\/v2\/pages\/617"}],"wp:attachment":[{"href":"http:\/\/hoyaer-eisenbahn.de\/index.php?rest_route=%2Fwp%2Fv2%2Fmedia&parent=1602"}],"curies":[{"name":"wp","href":"https:\/\/api.w.org\/{rel}","templated":true}]}}