{"id":1594,"date":"2013-01-28T18:04:58","date_gmt":"2013-01-28T18:04:58","guid":{"rendered":"http:\/\/hoyaer-eisenbahn.de\/?page_id=1594"},"modified":"2016-07-31T10:41:52","modified_gmt":"2016-07-31T10:41:52","slug":"themen-2","status":"publish","type":"page","link":"http:\/\/hoyaer-eisenbahn.de\/?page_id=1594","title":{"rendered":"Themen"},"content":{"rendered":"<h3><strong><span style=\"text-decoration: underline;\"><br \/>\nFahrzeuge<\/span><\/strong><\/h3>\n<p><a title=\"Thema \/ Fahrzeuge:  MaK GDT \u2013 \u00dcberf\u00fchrung von Italien nach Deutschland\" href=\"http:\/\/hoyaer-eisenbahn.de\/?page_id=1602\" target=\"_blank\"><span style=\"color: #000000;\"><strong>MaK GDT\u00a0 &#8211; \u00dcberf\u00fchrung von Italien zur\u00fcck nach Deutschland<\/strong><\/span><\/a><br \/>\n<span style=\"color: #000000;\"> Im Jahr 2000 werden sechs Triebwagen MaK GDT von Italien zur\u00fcck nach Deutschland \u00fcberf\u00fchrt, darunter auch der heutige T3 des DEV. Ein Reisebericht von Dieter Hecke. <span style=\"color: #0000ff;\"><a title=\"Thema \/ Fahrzeuge:  MaK GDT \u2013 \u00dcberf\u00fchrung von Italien nach Deutschland\" href=\"http:\/\/hoyaer-eisenbahn.de\/?page_id=1602\" target=\"_blank\"><span style=\"color: #0000ff;\">Zum Artikel<\/span><\/a><\/span><\/span><\/p>\n<p><span style=\"color: #000000;\"><strong><a title=\"Thema \/ Fahrzeuge: Rowan Dampftriebwagen der d\u00e4nischen Randers-Hadsund Jernbane\" href=\"http:\/\/hoyaer-eisenbahn.de\/?page_id=1881\" target=\"_blank\"><span style=\"color: #000000;\">Rowan Dampftriebwagen der d\u00e4nischen Randers-Hadsund Jernbane<\/span><\/a><\/strong><br \/>\n1883 wird im d\u00e4nischen Randers die Randers-Hadsund Jernbane er\u00f6ffnet. Ein Vorbild f\u00fcr das Betriebsverfahren war seinerzeit die Hoyaer Eisenbahn-Gesellschaft. Wie die HEG, besa\u00df auch die d\u00e4nische Bahngesellschaft zwei Rowan Dampftriebwagen. Herr H.W. Hansen schickt Informationen und ein Bild eines der beiden Dampftriebwagen der Eisenbahn Randers-Hadsund.\u00a0 <span style=\"color: #0000ff;\"><a title=\"Thema \/ Fahrzeuge: Rowan Dampftriebwagen der d\u00e4nischen Randers-Hadsund Jernbane\" href=\"http:\/\/hoyaer-eisenbahn.de\/?page_id=1881\" target=\"_blank\"><span style=\"color: #0000ff;\">Zum Artikel<br \/>\n<\/span><\/a><\/span><\/span><\/p>\n<p><span style=\"color: #000000;\"><strong><a title=\"Thema \/ Fahrzeuge: Zu Gast bei den VGH-Veteranen T2 und T4\" href=\"http:\/\/hoyaer-eisenbahn.de\/?page_id=1901\" target=\"_blank\"><span style=\"color: #000000;\">Ehemalige VGH-Triebwagen T2 und T4: zu Gast bei zwei Hoyaer Veteranen<\/span><\/a><\/strong><\/span><span style=\"color: #000000;\"><strong><br \/>\n<\/strong>W\u00e4hrend andere Fahrzeuge der VGH als Ersatzteillager genutzt oder verschrottet wurden, haben die Triebwagen T2 und T4 \u00fcberlebt. Heute stehen sie gemeinsam im Norden Deutschlands und werden Schritt f\u00fcr Schritt restauriert. Ein Ortsbesuch.\u00a0 <span style=\"color: #0000ff;\"><a title=\"Thema \/ Fahrzeuge: Zu Gast bei den VGH-Veteranen T2 und T4\" href=\"http:\/\/hoyaer-eisenbahn.de\/?page_id=1901\" target=\"_blank\"><span style=\"color: #0000ff;\">Zum Artikel<\/span><\/a><\/span><\/span><\/p>\n<p><span style=\"color: #000000;\"><a href=\"http:\/\/hoyaer-eisenbahn.de\/?p=2443\" target=\"_blank\"><span style=\"color: #000000;\"><strong>Zu Besuch bei der ehemaligen VGH V36 001<\/strong><strong><br \/>\n<\/strong><\/span><\/a>Von den acht V36 der VGH sind noch immer einige Exemplare erhalten geblieben. Mit dabei ist die ehemalige V36 001, welche vom DGEG Eisenbahn-Museum Neustadt als Exponat ausgestellt wird.<\/span>\u00a0 <span style=\"color: #0000ff;\"><a href=\"http:\/\/hoyaer-eisenbahn.de\/?p=2443\" target=\"_blank\"><span style=\"color: #0000ff;\">Zum Artikel<\/span><\/a><\/span><\/p>\n<h3><span style=\"text-decoration: underline;\"><strong>Betrieb<\/strong><\/span><\/h3>\n<p><a title=\"Thema \/ Betrieb: VGH feiern 50-j\u00e4hriges Jubil\u00e4um\" href=\"http:\/\/hoyaer-eisenbahn.de\/?page_id=1804\"><span style=\"color: #000000;\"><strong>VGH feiern 2013 ihr 50-j\u00e4hriges Jubil\u00e4um<\/strong><\/span><\/a><br \/>\n<span style=\"color: #000000;\">Am 09. Mai 2013 feiern die Verkehrsbetriebe Grafschaft Hoya mit einem bunten Fest ihr 50-j\u00e4hriges Bestehen. F\u00fcnfzig Jahre zuvor hatten sich die beiden Kleinbahnen, die Hoyaer Eisenbahn-Gesellschaft (HEG) und die Kleinbahn Hoya-Syke-Asendorf (HSA) zusammengeschlossen.<\/span> <a title=\"Thema \/ Betrieb: VGH feiern 50-j\u00e4hriges Jubil\u00e4um\" href=\"http:\/\/hoyaer-eisenbahn.de\/?page_id=1804\"><span style=\"color: #333399;\">Zum Artikel<\/span><\/a><\/p>\n<p>&nbsp;<\/p>\n","protected":false},"excerpt":{"rendered":"<p>Fahrzeuge MaK GDT\u00a0 &#8211; \u00dcberf\u00fchrung von Italien zur\u00fcck nach Deutschland Im Jahr 2000 werden sechs Triebwagen MaK GDT von Italien zur\u00fcck nach Deutschland \u00fcberf\u00fchrt, darunter auch der heutige T3 des DEV. Ein Reisebericht von Dieter Hecke. Zum Artikel Rowan Dampftriebwagen &hellip; <a class=\"more-link\" href=\"http:\/\/hoyaer-eisenbahn.de\/?page_id=1594\">Continue reading <span class=\"meta-nav\">&rarr;<\/span><\/a><\/p>\n","protected":false},"author":1,"featured_media":0,"parent":0,"menu_order":5,"comment_status":"closed","ping_status":"closed","template":"onecolumn-page.php","meta":{"footnotes":""},"_links":{"self":[{"href":"http:\/\/hoyaer-eisenbahn.de\/index.php?rest_route=\/wp\/v2\/pages\/1594"}],"collection":[{"href":"http:\/\/hoyaer-eisenbahn.de\/index.php?rest_route=\/wp\/v2\/pages"}],"about":[{"href":"http:\/\/hoyaer-eisenbahn.de\/index.php?rest_route=\/wp\/v2\/types\/page"}],"author":[{"embeddable":true,"href":"http:\/\/hoyaer-eisenbahn.de\/index.php?rest_route=\/wp\/v2\/users\/1"}],"replies":[{"embeddable":true,"href":"http:\/\/hoyaer-eisenbahn.de\/index.php?rest_route=%2Fwp%2Fv2%2Fcomments&post=1594"}],"version-history":[{"count":21,"href":"http:\/\/hoyaer-eisenbahn.de\/index.php?rest_route=\/wp\/v2\/pages\/1594\/revisions"}],"predecessor-version":[{"id":2676,"href":"http:\/\/hoyaer-eisenbahn.de\/index.php?rest_route=\/wp\/v2\/pages\/1594\/revisions\/2676"}],"wp:attachment":[{"href":"http:\/\/hoyaer-eisenbahn.de\/index.php?rest_route=%2Fwp%2Fv2%2Fmedia&parent=1594"}],"curies":[{"name":"wp","href":"https:\/\/api.w.org\/{rel}","templated":true}]}}