{"id":1253,"date":"2012-09-27T07:53:32","date_gmt":"2012-09-27T07:53:32","guid":{"rendered":"http:\/\/hoyaer-eisenbahn.de\/?page_id=1253"},"modified":"2016-07-31T09:07:01","modified_gmt":"2016-07-31T09:07:01","slug":"v36-006","status":"publish","type":"page","link":"http:\/\/hoyaer-eisenbahn.de\/?page_id=1253","title":{"rendered":"V36 006"},"content":{"rendered":"<p><strong>Baureihe:<\/strong> V36.4<br \/>\n<strong>Hersteller:<\/strong> MaK<br \/>\n<strong>Fabriknummer:<\/strong> 360021<br \/>\n<strong>Baujahr:<\/strong> 1950<\/p>\n<ul>\n<li>1950 \u2013 Lieferung an Deutsche Bundesbahn (DB) als \u201cV 36 412\u2033<\/li>\n<li>1968 \u2013 Umzeichnung in\u00a0\u201d236 412-3\u2033<\/li>\n<li>1979 \u2013 an die Verkehrsbetriebe Grafschaft Hoya GmbH (VGH) als \u201cV36 006\u2033<\/li>\n<li>1998 \u2013 an den Deutschen Eisenbahn-Verein e.V.<\/li>\n<li>1999 \u2013 an Emscher-Park-Eisenbahn GmbH (EPEG)<\/li>\n<li>2002 \u2013 an Eisenbahn-Tradition e. V. als \u201cV 36 412\u2033<\/li>\n<\/ul>\n<p>In den 1930er Jahren wurde die Baureihe f\u00fcr die Deutsche Wehrmacht entwickelt, um sie beim Heer, der Luftwaffe und der Marine in Tanklagern, Munitionslagern, auf Flugpl\u00e4tzen und auch bei R\u00fcstungsbetrieben einzusetzen, da man in diesen gef\u00e4hrdeten Bereichen feuerlose Loks bevorzugte.<br \/>\nDie Baureihe ging nach dem 2. Weltkrieg an die Deutsche Bundesbahn bzw. Deutsche Reichsbahn und wurde dort jeweils in h\u00f6chst unterschiedlichen Bereichen, teils sogar im Wendezugbetrieb, eingesetzt.<br \/>\nDie VGH beschafften nach der Umspurung auf Normalspur ab 1963 insgesamt 8 Loks der Baureihe V36.<\/p>\n<p>Die 1950 als V36 412 gebaute Lok geh\u00f6rt zu den technisch leicht ver\u00e4nderten Nachkriegs-V36, welche u.a. einen l\u00e4ngeren Radstand erhielten. Heute befindet sich die Lok unter ihrer alten Betriebsnummer\u00a0 &#8222;V 36 412&#8220; beim Eisenbahn-Tradition e.V. und wird dort f\u00fcr Sonderfahrten betriebsf\u00e4hig erhalten.<\/p>\n<p><a href=\"http:\/\/hoyaer-eisenbahn.de\/wp-content\/uploads\/2012\/09\/V36-412-2011-09-04-1.jpg\" target=\"_blank\"><img loading=\"lazy\" decoding=\"async\" class=\"alignnone  wp-image-1533\" title=\"V36 412 2011-09-04 (1)\" alt=\"\" src=\"http:\/\/hoyaer-eisenbahn.de\/wp-content\/uploads\/2012\/09\/V36-412-2011-09-04-1-300x225.jpg\" width=\"180\" height=\"135\" srcset=\"http:\/\/hoyaer-eisenbahn.de\/wp-content\/uploads\/2012\/09\/V36-412-2011-09-04-1-300x225.jpg 300w, http:\/\/hoyaer-eisenbahn.de\/wp-content\/uploads\/2012\/09\/V36-412-2011-09-04-1.jpg 640w\" sizes=\"(max-width: 180px) 100vw, 180px\" \/><\/a>\u00a0 <a href=\"http:\/\/hoyaer-eisenbahn.de\/wp-content\/uploads\/2012\/09\/V36-412-2011-09-04-2.jpg\" target=\"_blank\"><img loading=\"lazy\" decoding=\"async\" class=\"alignnone  wp-image-1534\" title=\"V36 412 2011-09-04 (2)\" alt=\"\" src=\"http:\/\/hoyaer-eisenbahn.de\/wp-content\/uploads\/2012\/09\/V36-412-2011-09-04-2-300x225.jpg\" width=\"180\" height=\"135\" srcset=\"http:\/\/hoyaer-eisenbahn.de\/wp-content\/uploads\/2012\/09\/V36-412-2011-09-04-2-300x225.jpg 300w, http:\/\/hoyaer-eisenbahn.de\/wp-content\/uploads\/2012\/09\/V36-412-2011-09-04-2.jpg 640w\" sizes=\"(max-width: 180px) 100vw, 180px\" \/><\/a><\/p>\n<h5>1.)\u00a0 Im September 2011 zeigt sich die als V36 412 beim Eisenbahn-Tradition e.V. laufende Lok beim Osnabr\u00fccker Dampflokfest.\u00a0(Bild: D. Mellerowitz)<br \/>\n2.)\u00a0 Die ehemalige VGH-Lok 2011 beim Osnabr\u00fccker Dampflokfest. (Bild: D. Mellerowitz)<\/h5>\n<p><a href=\"http:\/\/hoyaer-eisenbahn.de\/wp-content\/uploads\/2012\/09\/2016-07-29-02-V36-412-Hoya.jpg\" target=\"_blank\"><img loading=\"lazy\" decoding=\"async\" class=\"alignnone  wp-image-2656\" alt=\"2016-07-29 (02) V36 412 Hoya\" src=\"http:\/\/hoyaer-eisenbahn.de\/wp-content\/uploads\/2012\/09\/2016-07-29-02-V36-412-Hoya-300x200.jpg\" width=\"180\" height=\"120\" srcset=\"http:\/\/hoyaer-eisenbahn.de\/wp-content\/uploads\/2012\/09\/2016-07-29-02-V36-412-Hoya-300x200.jpg 300w, http:\/\/hoyaer-eisenbahn.de\/wp-content\/uploads\/2012\/09\/2016-07-29-02-V36-412-Hoya.jpg 1024w\" sizes=\"(max-width: 180px) 100vw, 180px\" \/><\/a>\u00a0\u00a0<a href=\"http:\/\/hoyaer-eisenbahn.de\/wp-content\/uploads\/2012\/09\/2016-07-29-17-V36-412-Hoya.jpg\"><a href=\"http:\/\/hoyaer-eisenbahn.de\/wp-content\/uploads\/2012\/09\/2016-07-29-17-V36-412-Hoya.jpg\" target=\"_blank\"><img loading=\"lazy\" decoding=\"async\" class=\"alignnone  wp-image-2655\" alt=\"2016-07-29 (17) V36 412 Hoya\" src=\"http:\/\/hoyaer-eisenbahn.de\/wp-content\/uploads\/2012\/09\/2016-07-29-17-V36-412-Hoya-300x200.jpg\" width=\"180\" height=\"120\" srcset=\"http:\/\/hoyaer-eisenbahn.de\/wp-content\/uploads\/2012\/09\/2016-07-29-17-V36-412-Hoya-300x200.jpg 300w, http:\/\/hoyaer-eisenbahn.de\/wp-content\/uploads\/2012\/09\/2016-07-29-17-V36-412-Hoya.jpg 1024w\" sizes=\"(max-width: 180px) 100vw, 180px\" \/><\/a><\/a>\u00a0 <a href=\"http:\/\/hoyaer-eisenbahn.de\/wp-content\/uploads\/2012\/09\/2016-07-29-16-V36-412-Hoya.jpg\" target=\"_blank\"><img loading=\"lazy\" decoding=\"async\" class=\"alignnone  wp-image-2654\" alt=\"2016-07-29 (16) V36 412 Hoya\" src=\"http:\/\/hoyaer-eisenbahn.de\/wp-content\/uploads\/2012\/09\/2016-07-29-16-V36-412-Hoya-300x200.jpg\" width=\"180\" height=\"120\" srcset=\"http:\/\/hoyaer-eisenbahn.de\/wp-content\/uploads\/2012\/09\/2016-07-29-16-V36-412-Hoya-300x200.jpg 300w, http:\/\/hoyaer-eisenbahn.de\/wp-content\/uploads\/2012\/09\/2016-07-29-16-V36-412-Hoya.jpg 1024w\" sizes=\"(max-width: 180px) 100vw, 180px\" \/><\/a>\u00a0 <a href=\"http:\/\/hoyaer-eisenbahn.de\/wp-content\/uploads\/2012\/09\/2016-07-29-14-V36-412-Hoya.jpg\" target=\"_blank\"><img loading=\"lazy\" decoding=\"async\" class=\"alignnone  wp-image-2653\" alt=\"2016-07-29 (14) V36 412 Hoya\" src=\"http:\/\/hoyaer-eisenbahn.de\/wp-content\/uploads\/2012\/09\/2016-07-29-14-V36-412-Hoya-300x200.jpg\" width=\"180\" height=\"120\" srcset=\"http:\/\/hoyaer-eisenbahn.de\/wp-content\/uploads\/2012\/09\/2016-07-29-14-V36-412-Hoya-300x200.jpg 300w, http:\/\/hoyaer-eisenbahn.de\/wp-content\/uploads\/2012\/09\/2016-07-29-14-V36-412-Hoya.jpg 1024w\" sizes=\"(max-width: 180px) 100vw, 180px\" \/><\/a><\/p>\n<h5>1.-4.)\u00a0 Im Rahmen der Festwochen zum 50-j\u00e4hrigen bestehen des Deutschen Eisenbahn-Vereins besucht V36 412 die Grafschaft. Aus Lengerich am 29.07.2016 eingetroffen, geht es in Hoya erst einmal an die Tankstelle.<\/h5>\n<h5><em>Quellen:<\/em><em><\/em><br \/>\n<em>&#8211; Archiv Verkehrsbetriebe Grafschaft Hoya GmbH<\/em><em><br \/>\n&#8211; rangierdiesel.de<br \/>\n&#8211; Eisenbahn-Tradition e.V.<br \/>\n&#8211; D. Mellerowitz<br \/>\n<\/em><\/h5>\n","protected":false},"excerpt":{"rendered":"<p>Baureihe: V36.4 Hersteller: MaK Fabriknummer: 360021 Baujahr: 1950 1950 \u2013 Lieferung an Deutsche Bundesbahn (DB) als \u201cV 36 412\u2033 1968 \u2013 Umzeichnung in\u00a0\u201d236 412-3\u2033 1979 \u2013 an die Verkehrsbetriebe Grafschaft Hoya GmbH (VGH) als \u201cV36 006\u2033 1998 \u2013 an den &hellip; <a class=\"more-link\" href=\"http:\/\/hoyaer-eisenbahn.de\/?page_id=1253\">Continue reading <span class=\"meta-nav\">&rarr;<\/span><\/a><\/p>\n","protected":false},"author":1,"featured_media":0,"parent":617,"menu_order":0,"comment_status":"closed","ping_status":"closed","template":"onecolumn-page.php","meta":{"footnotes":""},"_links":{"self":[{"href":"http:\/\/hoyaer-eisenbahn.de\/index.php?rest_route=\/wp\/v2\/pages\/1253"}],"collection":[{"href":"http:\/\/hoyaer-eisenbahn.de\/index.php?rest_route=\/wp\/v2\/pages"}],"about":[{"href":"http:\/\/hoyaer-eisenbahn.de\/index.php?rest_route=\/wp\/v2\/types\/page"}],"author":[{"embeddable":true,"href":"http:\/\/hoyaer-eisenbahn.de\/index.php?rest_route=\/wp\/v2\/users\/1"}],"replies":[{"embeddable":true,"href":"http:\/\/hoyaer-eisenbahn.de\/index.php?rest_route=%2Fwp%2Fv2%2Fcomments&post=1253"}],"version-history":[{"count":12,"href":"http:\/\/hoyaer-eisenbahn.de\/index.php?rest_route=\/wp\/v2\/pages\/1253\/revisions"}],"predecessor-version":[{"id":1270,"href":"http:\/\/hoyaer-eisenbahn.de\/index.php?rest_route=\/wp\/v2\/pages\/1253\/revisions\/1270"}],"up":[{"embeddable":true,"href":"http:\/\/hoyaer-eisenbahn.de\/index.php?rest_route=\/wp\/v2\/pages\/617"}],"wp:attachment":[{"href":"http:\/\/hoyaer-eisenbahn.de\/index.php?rest_route=%2Fwp%2Fv2%2Fmedia&parent=1253"}],"curies":[{"name":"wp","href":"https:\/\/api.w.org\/{rel}","templated":true}]}}