{"id":1091,"date":"2012-09-24T09:07:43","date_gmt":"2012-09-24T09:07:43","guid":{"rendered":"http:\/\/hoyaer-eisenbahn.de\/?page_id=1091"},"modified":"2012-09-24T09:07:43","modified_gmt":"2012-09-24T09:07:43","slug":"34-asendorf","status":"publish","type":"page","link":"http:\/\/hoyaer-eisenbahn.de\/?page_id=1091","title":{"rendered":"34 &#8222;ASENDORF&#8220;"},"content":{"rendered":"<p><strong>Baureihe:<\/strong> &#8211;<br \/>\n<strong>Hersteller:<\/strong> Hanomag<br \/>\n<strong>Fabriknummer:<\/strong> 3812<br \/>\n<strong>Baujahr:<\/strong> 1902<\/p>\n<ul>\n<li>1902 \u2013 Lieferung an die Kleinbahn Hoya-Syke-Asendorf (HSA) als Lok \u201cASENDORF\u201d<\/li>\n<li>1955 \u2013 verschrottet<\/li>\n<\/ul>\n<p>Hanomag lieferte im Jahre 1900 vier baugleiche Lokomotiven an die Kleinbahn Hoya-Syke-Asendorf (HSA). Diese Loks wurden bei der HSA unter den Namen \u201cHOYA\u201d, \u201cSYKE\u201d, \u201cVILSEN\u201d und \u201cBRUCHHAUSEN\u201d gef\u00fchrt. 1902 kam die Lok \u201cASENDORF\u201d hinzu, und 1912 Lok \u201cB\u00dcCKEN\u201d.<br \/>\nW\u00e4hrend der Betriebsf\u00fchrung der HSA durch das Landeskleinbahnamt Hannover erhielten die Maschinen zus\u00e4tzlich zu ihren Namen Betriebsnummern.<\/p>\n<h5><em>Quellen:<\/em><br \/>\n<em> \u2013 Archiv Verkehrsbetriebe Grafschaft Hoya GmbH<br \/>\n&#8211; Archiv Deutscher Eisenbahn-Verein e.V.<\/em><\/h5>\n","protected":false},"excerpt":{"rendered":"<p>Baureihe: &#8211; Hersteller: Hanomag Fabriknummer: 3812 Baujahr: 1902 1902 \u2013 Lieferung an die Kleinbahn Hoya-Syke-Asendorf (HSA) als Lok \u201cASENDORF\u201d 1955 \u2013 verschrottet Hanomag lieferte im Jahre 1900 vier baugleiche Lokomotiven an die Kleinbahn Hoya-Syke-Asendorf (HSA). Diese Loks wurden bei der &hellip; <a class=\"more-link\" href=\"http:\/\/hoyaer-eisenbahn.de\/?page_id=1091\">Continue reading <span class=\"meta-nav\">&rarr;<\/span><\/a><\/p>\n","protected":false},"author":1,"featured_media":0,"parent":617,"menu_order":0,"comment_status":"closed","ping_status":"closed","template":"onecolumn-page.php","meta":{"footnotes":""},"_links":{"self":[{"href":"http:\/\/hoyaer-eisenbahn.de\/index.php?rest_route=\/wp\/v2\/pages\/1091"}],"collection":[{"href":"http:\/\/hoyaer-eisenbahn.de\/index.php?rest_route=\/wp\/v2\/pages"}],"about":[{"href":"http:\/\/hoyaer-eisenbahn.de\/index.php?rest_route=\/wp\/v2\/types\/page"}],"author":[{"embeddable":true,"href":"http:\/\/hoyaer-eisenbahn.de\/index.php?rest_route=\/wp\/v2\/users\/1"}],"replies":[{"embeddable":true,"href":"http:\/\/hoyaer-eisenbahn.de\/index.php?rest_route=%2Fwp%2Fv2%2Fcomments&post=1091"}],"version-history":[{"count":1,"href":"http:\/\/hoyaer-eisenbahn.de\/index.php?rest_route=\/wp\/v2\/pages\/1091\/revisions"}],"predecessor-version":[{"id":1092,"href":"http:\/\/hoyaer-eisenbahn.de\/index.php?rest_route=\/wp\/v2\/pages\/1091\/revisions\/1092"}],"up":[{"embeddable":true,"href":"http:\/\/hoyaer-eisenbahn.de\/index.php?rest_route=\/wp\/v2\/pages\/617"}],"wp:attachment":[{"href":"http:\/\/hoyaer-eisenbahn.de\/index.php?rest_route=%2Fwp%2Fv2%2Fmedia&parent=1091"}],"curies":[{"name":"wp","href":"https:\/\/api.w.org\/{rel}","templated":true}]}}